{"id":92422,"date":"2024-06-20T12:16:16","date_gmt":"2024-06-20T19:16:16","guid":{"rendered":"https:\/\/www.bruceclay.com\/eu\/?page_id=92422"},"modified":"2025-03-07T01:30:25","modified_gmt":"2025-03-07T09:30:25","slug":"social-media-advertising","status":"publish","type":"page","link":"https:\/\/www.bruceclay.com\/eu\/it\/social-media-advertising\/","title":{"rendered":"Social Media Marketing"},"content":{"rendered":"<div>\n<h3><strong>Il ruolo dei social media nel contesto pubblicitario<\/strong><\/h3>\n<p>I social media hanno <strong>rivoluzionato il panorama commerciale<\/strong>, trasformandolo in modo significativo. Oggi, il social media marketing non si limita alla semplice comunicazione, ma include anche l&#8217;<strong>interazione con il pubblico<\/strong>. La comunicazione unidirezionale ha evoluto verso un dialogo comunitario che si svolge su diverse piattaforme.<\/p>\n<p>Questo cambiamento ha trasferito il controllo del messaggio del brand dalle aziende a chi consuma il prodotto o servizio. Tuttavia, la <strong>pubblicit\u00e0<\/strong> offre ai marchi l&#8217;opportunit\u00e0 di <strong>riconquistare parte di questo controllo<\/strong> attraverso strategie di marketing ben concepite, contribuendo cos\u00ec alla generazione di entrate.<\/p>\n<p>Il <strong>social media marketing<\/strong> (SMM) si basa sulla capacit\u00e0 di presentare l&#8217;annuncio giusto alla persona giusta al momento opportuno. Questo approccio consente alle aziende di stabilire una <strong>connessione con potenziali clienti<\/strong> e di <strong>costruire relazioni durature<\/strong> con i consumatori sulle piattaforme in cui trascorrono la maggior parte del loro tempo, come Facebook, LinkedIn, Twitter, YouTube e altre.<\/p>\n<p>Gli <strong>annunci sui social media<\/strong> sono diventati strumenti essenziali e potenti per molte aziende moderne. I prodotti, le informazioni e i servizi offerti da esperti di SMM possono aiutare le aziende a <strong>migliorare la loro visibilit\u00e0<\/strong>, coinvolgere il pubblico di riferimento e sviluppare una reputazione positiva online.<\/p>\n<\/div>\n<div>\n<h3><strong>Ottimizzare l&#8217;utilizzo dei social media per la tua azienda<\/strong><\/h3>\n<p>\u00c8 essenziale per un&#8217;azienda<strong> interagire con i propri clienti<\/strong> attraverso i canali dei social media. La mancata presenza su queste piattaforme pu\u00f2 compromettere il marchio in vari modi: l&#8217;azienda pu\u00f2 svanire dalla memoria dei consumatori, perdere opportunit\u00e0 di acquisire nuovi clienti e cadere in disgrazia pubblica, trascurando conversazioni importanti che si svolgono online. <strong>Quali azioni dovrebbe intraprendere un&#8217;azienda per evitare questi rischi?<\/strong><\/p>\n<p>Con il supporto di <strong>esperti qualificati<\/strong> nel <strong>Social Media Marketing<\/strong> (SMM), un&#8217;azienda pu\u00f2 ottimizzare la propria presenza sui social media. La pubblicit\u00e0 offre la flessibilit\u00e0 necessaria per rispondere rapidamente ai cambiamenti delle <strong>esigenze del mercato<\/strong>, oltre a fornire un <strong>feedback immediato<\/strong> che consente di migliorare continuamente i messaggi pubblicitari, ottimizzare le pagine di destinazione e affinare le offerte di prodotti.<\/p>\n<div>Noi di Bruce Clay Europe valutiamo attentamente le\u00a0<strong>necessit\u00e0 del cliente<\/strong>\u00a0e il\u00a0<strong>pubblico di riferimento<\/strong>\u00a0prima di raccomandare le piattaforme social che garantiranno il miglior ritorno. \u00c8 essenziale condurre\u00a0<strong>ricerche<\/strong>\u00a0per identificare le piattaforme in cui il pubblico target \u00e8 pi\u00f9 attivo e sviluppare una strategia mirata per raggiungerlo nei canali pi\u00f9 rilevanti, nel momento giusto e col giusto messaggio. I servizi di SMM di Bruce Clay Europe iniziano proprio con questa fase di analisi e ricerca, per individuare i canali social rilevanti e il loro ruolo all&#8217;interno del customer journey.<\/div>\n<div><\/div>\n<div>L&#8217;approccio di Bruce Clay Europe nella gestione Social si basa su\u00a0<b>tecniche di crescita organica<\/b>\u00a0e punta a generare massima visibilit\u00e0 nei feed, attivando la spinta adv, solo se necessario.<\/div>\n<div>Grazie alla nostra\u00a0<b>conoscenza degli algoritmi social<\/b>, siamo esperti nello studio e nella produzione di contenuti che spiccheranno in organico. Applichiamo tecniche precise per il social posting e forniamo consulenza ai clienti per organizzare la produzione di contenuti efficaci in ottica organica, che siano testuali o visivi.<\/div>\n<div><\/div>\n<div>Siamo\u00a0<b>esperti in SEO video e SEO per immagini<\/b>\u00a0e amiamo creare\u00a0<b>sinergie tra sito e canali social<\/b>.<\/div>\n<div>Supportiamo i nostri clienti nella\u00a0<b>gestione di canali Youtube<\/b>\u00a0e nella\u00a0<b>produzione su scala di video efficaci<\/b>, studiando con attenzione gli script video, grazie al nostro team esperto e ai nostri tool potenziati con AI.<\/div>\n<div><\/div>\n<div>Vorresti una <strong><a href=\"https:\/\/meet.brevo.com\/bruce-clay-europe\">demo<\/a><\/strong> per scoprire come il nostro tool Bruce Clay Prewriter pu\u00f2 generare centinaia di script video partendo dai contenuti del tuo sito? Tutto questo in pochi minuti e con massima coerenza col <strong>tone-of-voice<\/strong> della vostra comunicazione.<\/div>\n<div><\/div>\n<div>Tra i canali Social che possiamo potenziare con tecniche organiche, un ruolo fondamentale \u00e8 giocato da Pinterest, uno spazio digitale altamente positivo dove l&#8217;attenzione dell&#8217;utente \u00e8 sempre molto alta e di qualit\u00e0. Le\u00a0<b>strategie SEO Pinterest<\/b>\u00a0non possono essere trascurate per incrementare la scoperta del vostro brand, soprattutto per le aziende che operano in specifici settori come arredamento, cosmetica, moda, sport, food o viaggi.<\/div>\n<div><\/div>\n<div>L&#8217;evoluzione di alcuni social come TikTok ci porta a considerare i nuovi scenari nel panorama del search marketing sia in ottica di\u00a0<b>studio dell&#8217;algoritmo<\/b>\u00a0che di analisi del comportamento di utenti e consumatori. La funzione di ricerca di TikTok sta realmente diventando rilevante? Certamente richiede attenzione e studio, con produzione di contenuti e tecniche di posting specifiche. Trovare il format giusto e saper anticipare\u00a0i trend sono tra le nostre specialit\u00e0. La nostra\u00a0<b>SEO TikTok<\/b>\u00a0si basa su analisi, tecniche e creativit\u00e0 insieme.<\/div>\n<div><\/div>\n<div>Scopri le nostre tecniche SEO Pinterest e SEO TikTok e chiedi una <a href=\"https:\/\/meet.brevo.com\/bruce-clay-europe\"><strong>consulenza<\/strong><\/a> al nostro team.<\/div>\n<\/div>\n<div>\n<div>\n<h3><strong>Competenze fondamentali nella pubblicit\u00e0 sui social media<\/strong><\/h3>\n<p>La creazione di <strong>annunci efficaci sui social media<\/strong> richiede una conoscenza approfondita delle dinamiche di ciascuna piattaforma. Sebbene la funzionalit\u00e0 di &#8220;Promuovi post&#8221; su Facebook sembri accessibile, una strategia pubblicitaria efficace richiede pianificazione e competenza.<\/p>\n<p>Inoltre, poich\u00e9 gli utenti utilizzano ciascuna piattaforma in modo differente, le regole di coinvolgimento sono in gran parte stabilite dagli stessi utenti. Di conseguenza, un annuncio creativo che funziona su Twitter potrebbe non avere lo stesso impatto su Instagram e viceversa. Per questo motivo, i professionisti del SMM comprendono che i <strong>servizi di marketing sui social media<\/strong> non possono essere applicati in modo uniforme a tutte le aziende.<\/p>\n<p>Presso Bruce Clay Europe, possiamo <strong>supportarti<\/strong> nella gestione delle aspettative e nel valorizzare la tua presenza su tutte le piattaforme, mentre decidi come allocare le risorse per la pubblicit\u00e0 sui social media. I nostri <strong>esperti di strategia PPC<\/strong> sono a disposizione per assisterti nello sviluppo e nell&#8217;esecuzione di campagne sui social media che raggiungano nuovi pubblici e generino un ritorno sull&#8217;investimento per la tua azienda.<\/p>\n<p>Non esitare a <a href=\"https:\/\/meet.brevo.com\/bruce-clay-europe\"><strong>contattarci<\/strong><\/a> per ricevere una Demo dettagliata sui nostri servizi.<\/p>\n<\/div>\n<div><\/div>\n<\/div>\n","protected":false},"excerpt":{"rendered":"<p>Il ruolo dei social media nel contesto pubblicitario I social media hanno rivoluzionato il panorama commerciale, trasformandolo in modo significativo. Oggi, il social media marketing non si limita alla semplice comunicazione, ma include anche l&#8217;interazione con il pubblico. La comunicazione unidirezionale ha evoluto verso un dialogo comunitario che si svolge su diverse piattaforme. Questo cambiamento [&hellip;]<\/p>\n","protected":false},"author":101029,"featured_media":0,"parent":92326,"menu_order":0,"comment_status":"closed","ping_status":"closed","template":"","meta":{"_acf_changed":false,"content-type":"","footnotes":""},"tags":[],"class_list":["post-92422","page","type-page","status-publish","hentry"],"acf":[],"yoast_head":"<title>Social Media Marketing: strategie di crescita organica<\/title>\n<meta name=\"description\" content=\"Social Media Marketing su YouTube, LinkedIn, Pinterest e TikTok. Strategie per aumentare visibilit\u00e0 e raggiungere nuovi clienti.\" \/>\n<meta name=\"robots\" content=\"index, follow, max-snippet:-1, max-image-preview:large, max-video-preview:-1\" \/>\n<link rel=\"canonical\" href=\"https:\/\/www.bruceclay.com\/eu\/it\/social-media-advertising\/\" \/>\n<meta property=\"og:locale\" content=\"en_US\" \/>\n<meta property=\"og:type\" content=\"article\" \/>\n<meta property=\"og:title\" content=\"Social Media Marketing: strategie di crescita organica\" \/>\n<meta property=\"og:description\" content=\"Social Media Marketing su YouTube, LinkedIn, Pinterest e TikTok. Strategie per aumentare visibilit\u00e0 e raggiungere nuovi clienti.\" \/>\n<meta property=\"og:url\" content=\"https:\/\/www.bruceclay.com\/eu\/it\/social-media-advertising\/\" \/>\n<meta property=\"og:site_name\" content=\"Bruce Clay Europe\" \/>\n<meta property=\"article:modified_time\" content=\"2025-03-07T09:30:25+00:00\" \/>\n<meta name=\"twitter:card\" content=\"summary_large_image\" \/>\n<meta name=\"twitter:label1\" content=\"Est. reading time\" \/>\n\t<meta name=\"twitter:data1\" content=\"5 minutes\" \/>\n<script type=\"application\/ld+json\" class=\"yoast-schema-graph\">{\"@context\":\"https:\\\/\\\/schema.org\",\"@graph\":[{\"@type\":\"WebPage\",\"@id\":\"https:\\\/\\\/www.bruceclay.com\\\/eu\\\/it\\\/social-media-advertising\\\/\",\"url\":\"https:\\\/\\\/www.bruceclay.com\\\/eu\\\/it\\\/social-media-advertising\\\/\",\"name\":\"Social Media Marketing: strategie di crescita organica\",\"isPartOf\":{\"@id\":\"https:\\\/\\\/www.bruceclay.com\\\/eu\\\/#website\"},\"datePublished\":\"2024-06-20T19:16:16+00:00\",\"dateModified\":\"2025-03-07T09:30:25+00:00\",\"description\":\"Social Media Marketing su YouTube, LinkedIn, Pinterest e TikTok. Strategie per aumentare visibilit\u00e0 e raggiungere nuovi clienti.\",\"breadcrumb\":{\"@id\":\"https:\\\/\\\/www.bruceclay.com\\\/eu\\\/it\\\/social-media-advertising\\\/#breadcrumb\"},\"inLanguage\":\"en-US\",\"potentialAction\":[{\"@type\":\"ReadAction\",\"target\":[\"https:\\\/\\\/www.bruceclay.com\\\/eu\\\/it\\\/social-media-advertising\\\/\"]}]},{\"@type\":\"BreadcrumbList\",\"@id\":\"https:\\\/\\\/www.bruceclay.com\\\/eu\\\/it\\\/social-media-advertising\\\/#breadcrumb\",\"itemListElement\":[{\"@type\":\"ListItem\",\"position\":1,\"name\":\"Home\",\"item\":\"https:\\\/\\\/www.bruceclay.com\\\/eu\\\/\"},{\"@type\":\"ListItem\",\"position\":2,\"name\":\"IT\",\"item\":\"https:\\\/\\\/www.bruceclay.com\\\/eu\\\/it\\\/\"},{\"@type\":\"ListItem\",\"position\":3,\"name\":\"Social Media Marketing\"}]},{\"@type\":\"WebSite\",\"@id\":\"https:\\\/\\\/www.bruceclay.com\\\/eu\\\/#website\",\"url\":\"https:\\\/\\\/www.bruceclay.com\\\/eu\\\/\",\"name\":\"Bruce Clay Europe\",\"description\":\"SEO and Internet Marketing Blog\",\"potentialAction\":[{\"@type\":\"SearchAction\",\"target\":{\"@type\":\"EntryPoint\",\"urlTemplate\":\"https:\\\/\\\/www.bruceclay.com\\\/eu\\\/?s={search_term_string}\"},\"query-input\":{\"@type\":\"PropertyValueSpecification\",\"valueRequired\":true,\"valueName\":\"search_term_string\"}}],\"inLanguage\":\"en-US\"}]}<\/script>","yoast_head_json":{"title":"Social Media Marketing: strategie di crescita organica","description":"Social Media Marketing su YouTube, LinkedIn, Pinterest e TikTok. Strategie per aumentare visibilit\u00e0 e raggiungere nuovi clienti.","robots":{"index":"index","follow":"follow","max-snippet":"max-snippet:-1","max-image-preview":"max-image-preview:large","max-video-preview":"max-video-preview:-1"},"canonical":"https:\/\/www.bruceclay.com\/eu\/it\/social-media-advertising\/","og_locale":"en_US","og_type":"article","og_title":"Social Media Marketing: strategie di crescita organica","og_description":"Social Media Marketing su YouTube, LinkedIn, Pinterest e TikTok. Strategie per aumentare visibilit\u00e0 e raggiungere nuovi clienti.","og_url":"https:\/\/www.bruceclay.com\/eu\/it\/social-media-advertising\/","og_site_name":"Bruce Clay Europe","article_modified_time":"2025-03-07T09:30:25+00:00","twitter_card":"summary_large_image","twitter_misc":{"Est. reading time":"5 minutes"},"schema":{"@context":"https:\/\/schema.org","@graph":[{"@type":"WebPage","@id":"https:\/\/www.bruceclay.com\/eu\/it\/social-media-advertising\/","url":"https:\/\/www.bruceclay.com\/eu\/it\/social-media-advertising\/","name":"Social Media Marketing: strategie di crescita organica","isPartOf":{"@id":"https:\/\/www.bruceclay.com\/eu\/#website"},"datePublished":"2024-06-20T19:16:16+00:00","dateModified":"2025-03-07T09:30:25+00:00","description":"Social Media Marketing su YouTube, LinkedIn, Pinterest e TikTok. Strategie per aumentare visibilit\u00e0 e raggiungere nuovi clienti.","breadcrumb":{"@id":"https:\/\/www.bruceclay.com\/eu\/it\/social-media-advertising\/#breadcrumb"},"inLanguage":"en-US","potentialAction":[{"@type":"ReadAction","target":["https:\/\/www.bruceclay.com\/eu\/it\/social-media-advertising\/"]}]},{"@type":"BreadcrumbList","@id":"https:\/\/www.bruceclay.com\/eu\/it\/social-media-advertising\/#breadcrumb","itemListElement":[{"@type":"ListItem","position":1,"name":"Home","item":"https:\/\/www.bruceclay.com\/eu\/"},{"@type":"ListItem","position":2,"name":"IT","item":"https:\/\/www.bruceclay.com\/eu\/it\/"},{"@type":"ListItem","position":3,"name":"Social Media Marketing"}]},{"@type":"WebSite","@id":"https:\/\/www.bruceclay.com\/eu\/#website","url":"https:\/\/www.bruceclay.com\/eu\/","name":"Bruce Clay Europe","description":"SEO and Internet Marketing Blog","potentialAction":[{"@type":"SearchAction","target":{"@type":"EntryPoint","urlTemplate":"https:\/\/www.bruceclay.com\/eu\/?s={search_term_string}"},"query-input":{"@type":"PropertyValueSpecification","valueRequired":true,"valueName":"search_term_string"}}],"inLanguage":"en-US"}]}},"_links":{"self":[{"href":"https:\/\/www.bruceclay.com\/eu\/wp-json\/wp\/v2\/pages\/92422","targetHints":{"allow":["GET"]}}],"collection":[{"href":"https:\/\/www.bruceclay.com\/eu\/wp-json\/wp\/v2\/pages"}],"about":[{"href":"https:\/\/www.bruceclay.com\/eu\/wp-json\/wp\/v2\/types\/page"}],"author":[{"embeddable":true,"href":"https:\/\/www.bruceclay.com\/eu\/wp-json\/wp\/v2\/users\/101029"}],"replies":[{"embeddable":true,"href":"https:\/\/www.bruceclay.com\/eu\/wp-json\/wp\/v2\/comments?post=92422"}],"version-history":[{"count":8,"href":"https:\/\/www.bruceclay.com\/eu\/wp-json\/wp\/v2\/pages\/92422\/revisions"}],"predecessor-version":[{"id":96003,"href":"https:\/\/www.bruceclay.com\/eu\/wp-json\/wp\/v2\/pages\/92422\/revisions\/96003"}],"up":[{"embeddable":true,"href":"https:\/\/www.bruceclay.com\/eu\/wp-json\/wp\/v2\/pages\/92326"}],"wp:attachment":[{"href":"https:\/\/www.bruceclay.com\/eu\/wp-json\/wp\/v2\/media?parent=92422"}],"wp:term":[{"taxonomy":"post_tag","embeddable":true,"href":"https:\/\/www.bruceclay.com\/eu\/wp-json\/wp\/v2\/tags?post=92422"}],"curies":[{"name":"wp","href":"https:\/\/api.w.org\/{rel}","templated":true}]}}