{"id":92424,"date":"2024-06-20T12:15:44","date_gmt":"2024-06-20T19:15:44","guid":{"rendered":"https:\/\/www.bruceclay.com\/eu\/?page_id=92424"},"modified":"2024-09-13T11:27:07","modified_gmt":"2024-09-13T18:27:07","slug":"seo-etica","status":"publish","type":"page","link":"https:\/\/www.bruceclay.com\/eu\/seo-etica\/","title":{"rendered":"SEO Etica"},"content":{"rendered":"<p><b>SEO Codice di Etica<\/b><\/p>\n<p><span style=\"font-weight: 400;\">Cosa sono i servizi SEO etici?<\/span><\/p>\n<p><span style=\"font-weight: 400;\">La SEO etica \u00e8 essenzialmente la pratica di seguire le migliori pratiche SEO e le seguenti linee guida del Codice Etico SEO per mantenere il tuo sito web sicuro e performante nei risultati dei motori di ricerca organici. I trasgressori hanno la tendenza a ricevere sanzioni o a sacrificare competenze, autorit\u00e0, fiducia e perdere traffico.<\/span><\/p>\n<p><span style=\"font-weight: 400;\">La discussione di qualsiasi Codice Etico SEO \u00e8 come una discussione sulla politica o la religione: ci sono pi\u00f9 di due parti, tutte le parti sono fortemente supponenti e raramente scelgono lo stesso percorso allo stesso fine. La maggior parte dei professionisti di Search Engine Optimization (SEO) capiscono questa etica, ma non tutti i professionisti praticano SEO sicura. Troppi specialisti SEO sostengono un pregiudizio distorto verso i visitatori del sito, o i motori di ricerca, o loro clienti (tutti sono appropriati nel giusto equilibrio), ed \u00e8 comune usare il &#8220;tutto ci\u00f2 che serve&#8221; come scusa per piegare alcuni di questi etica e per soddisfare le loro esigenze. Non importa perch\u00e9 lo fai se stai infrangendo la legge. Non \u00e8 un bene per il visitatore se il contenuto viene rubato da un altro sito. Questa pagina non emette giudizi, afferma semplicemente l&#8217;ovvio.<\/span><\/p>\n<p><span style=\"font-weight: 400;\">Considerando che tutte le parti stanno lavorando per presentare le informazioni pertinenti e di alta qualit\u00e0, e considerando che gli specialisti SEO sono in fase di contratto per aiutare i clienti ad ottenere un miglior posizionamento nei motori di ricerca per le pagine, essi aderiscono volontariamente al seguente Codice Etico SEO:<\/span><\/p>\n<p><span style=\"font-weight: 400;\">Nessun professionista SEO dannegger\u00e0 intenzionalmente un cliente. Ci\u00f2 comporta l&#8217;uso continuato di qualsiasi tecnologia o procedura (senza cure adeguate) che sia nota per provocare la rimozione del sito del cliente da indici o directory dei motori di ricerca, o che sia nota per renderla inoperativa. La discutibile aderenza agli standard deve essere affrontata tramite lo standard di esclusione dei robot.<\/span><\/p>\n<p><span style=\"font-weight: 400;\">Nessun professionista SEO violer\u00e0 intenzionalmente alcune regole specificamente pubblicate ed applicate dei motori di ricerca o degli indici. Se le regole e le linee guida cambiano (come spesso fanno), il professionista SEO prontamente deve agire per rispettare le modifiche che si applicano a tutti i clienti. Dove le regole e le linee guida non sono chiare, il professionista SEO cercher\u00e0 chiarimenti e attender\u00e0 l&#8217;approvazione dal motore di ricerca appropriato prima di continuare a utilizzare la tecnologia o le procedure potenzialmente dannose.<\/span><\/p>\n<p><span style=\"font-weight: 400;\">Nessun professionista SEO pu\u00f2 intenzionalmente fuorviare, danneggiare, o offendere un consumatore. Tutti gli individui che utilizzano un motore di ricerca per visitare un sito non saranno fuorviati dalle informazioni presentate dal motore di ricerca, o danneggiati o offesi all&#8217;arrivo al sito del cliente. Questo include tecniche come &#8220;esca e interruttore&#8221; dove la pagina del cliente non contiene e non \u00e8 chiaramente associata con la frase ottimizzata, o pu\u00f2 essere ragionevolmente offensiva per i visitatori mirati.<\/span><\/p>\n<p><span style=\"font-weight: 400;\">Nessun professionista SEO viola intenzionalmente alcuna legge. Ci\u00f2 comporta la violazione intenzionale e continuata del copyright, del marchio, del service mark o delle leggi relative allo spamming in quanto possono esistere a livello statale, federale o internazionale.<\/span><\/p>\n<p><span style=\"font-weight: 400;\">Nessun professionista di SEO rappresenter\u00e0 falsamente il contenuto del sito del cliente. Ci\u00f2 include la pratica di presentare diverse versioni di pagine web a utenti diversi, tranne quando tali informazioni vengono modificate esclusivamente per soddisfare le specifiche e le esigenze del browser, la sensibilit\u00e0 a fattori regionali come la lingua o le esigenze specifiche del prodotto. In generale, TUTTE le richieste per un URL specifico dovrebbero essere servite con un HTML identico dal server web.<\/span><\/p>\n<p><span style=\"font-weight: 400;\">Nessun professionista SEO rappresenter\u00e0 falsamente altri lavori come suoi. Ci\u00f2 include il prendere il lavoro da altri in tutto o in parte e rappresentare questo lavoro come proprio. Il professionista SEO non pu\u00f2 fare copie testuali del lavoro di altri senza il previo consenso dell&#8217;altra parte.<\/span><\/p>\n<p><span style=\"font-weight: 400;\">Nessun professionista SEO pu\u00f2 travisare le proprie capacit\u00e0, l&#8217;istruzione, la formazione, gli standard di prestazioni, le certificazioni, le affiliazioni di gruppi commerciali, inventario tecnico, o esperienze ad altri. Ci\u00f2 include dichiarazioni quantificabili relative agli orari dei progetti, alla cronologia delle prestazioni, alle risorse aziendali (personale, attrezzature e prodotti proprietari) e agli elenchi dei clienti. Le garanzie saranno limitate agli elementi su cui il professionista SEO ha un controllo significativo e ragionevole.<\/span><\/p>\n<p><span style=\"font-weight: 400;\">Nessun professionista SEO parteciper\u00e0 a un conflitto di interessi senza preavviso a tutte le parti coinvolte. Questo include la pratica di scegliere di enfatizzare un cliente rispetto ad un altro con parole chiave concorrenti perch\u00e9 c&#8217;\u00e8 pi\u00f9 guadagno personale per il praticante. Tutti i clienti sono trattati allo stesso modo e tutti riceveranno lo stesso sforzo da parte dell&#8217;agenzia SEO.<\/span><\/p>\n<p><span style=\"font-weight: 400;\">Nessun professionista SEO regoler\u00e0 le aspettative irragionevoli del cliente. Ci\u00f2 include la pratica di accettare pi\u00f9 di un numero ragionevole di clienti che competono per le stesse parole chiave e implica che tutti saranno nelle prime posizioni nei motori di ricerca. Questo include anche il fatto che i risultati possono essere ottenuti in una quantit\u00e0 ragionevole di tempo data la condizione nota dei motori di ricerca, sito del cliente e la concorrenza.<\/span><\/p>\n<p><span style=\"font-weight: 400;\">Tutti i professionisti SEO offriranno ai loro clienti procedure di risoluzione delle controversie sia interne che esterne. Ci\u00f2 include la pubblicazione di indirizzi e numeri di telefono sulle pagine web primarie, l&#8217;inclusione di link di terze parti, per la risoluzione delle controversie, collocati in modo visibile all&#8217;interno del sito web dei professionisti e contratti che includono sezioni sulla risoluzione delle controversie.<\/span><\/p>\n<p><span style=\"font-weight: 400;\">Tutti i professionisti SEO proteggeranno la riservatezza e l&#8217;anonimato dei loro clienti per quanto riguarda le informazioni privilegiate e gli elementi che implicano il supporto testimonial per il professionista SEO. Tutto il personale del professionista SEO \u00e8 tenuto a proteggere le informazioni che non sono generalmente note in quanto possono danneggiare il cliente. Il professionista SEO non includer\u00e0 la pubblicazione di testimonianze e loghi proprietari di elenchi di clienti, comunicati stampa e altre garanzie che discutono il cliente senza approvazioni esplicite.<\/span><\/p>\n<p><span style=\"font-weight: 400;\">Tutti i professionisti SEO lavoreranno per la loro migliore capacit\u00e0 di aumentare o mantenere la classifica dei siti dei clienti. I clienti sono contraenti a pagamento con il professionista SEO al fine di ottenere e mantenere il posizionamento nei motori di ricerca. Il professionista di SEO \u00e8 caricato con un obbligo di utilizzare la tecnologia e le metodologie appropriate e permesse per migliorare e mantenere i posti per i loro clienti di fronte a tecnologia di ricerca di cambiamento, concorrenza e bisogni del sito web del cliente.<\/span><\/p>\n","protected":false},"excerpt":{"rendered":"<p>SEO Codice di Etica Cosa sono i servizi SEO etici? La SEO etica \u00e8 essenzialmente la pratica di seguire le migliori pratiche SEO e le seguenti linee guida del Codice Etico SEO per mantenere il tuo sito web sicuro e performante nei risultati dei motori di ricerca organici. I trasgressori hanno la tendenza a ricevere [&hellip;]<\/p>\n","protected":false},"author":101029,"featured_media":0,"parent":0,"menu_order":0,"comment_status":"closed","ping_status":"closed","template":"","meta":{"_acf_changed":false,"content-type":"","footnotes":""},"tags":[],"class_list":["post-92424","page","type-page","status-publish","hentry"],"acf":[],"yoast_head":"<title>SEO Etica - Bruce Clay Europe<\/title>\n<meta name=\"robots\" content=\"index, follow, max-snippet:-1, max-image-preview:large, max-video-preview:-1\" \/>\n<link rel=\"canonical\" href=\"https:\/\/www.bruceclay.com\/eu\/seo-etica\/\" \/>\n<meta property=\"og:locale\" content=\"en_US\" \/>\n<meta property=\"og:type\" content=\"article\" \/>\n<meta property=\"og:title\" content=\"SEO Etica - Bruce Clay Europe\" \/>\n<meta property=\"og:description\" content=\"SEO Codice di Etica Cosa sono i servizi SEO etici? La SEO etica \u00e8 essenzialmente la pratica di seguire le migliori pratiche SEO e le seguenti linee guida del Codice Etico SEO per mantenere il tuo sito web sicuro e performante nei risultati dei motori di ricerca organici. I trasgressori hanno la tendenza a ricevere [&hellip;]\" \/>\n<meta property=\"og:url\" content=\"https:\/\/www.bruceclay.com\/eu\/seo-etica\/\" \/>\n<meta property=\"og:site_name\" content=\"Bruce Clay Europe\" \/>\n<meta property=\"article:modified_time\" content=\"2024-09-13T18:27:07+00:00\" \/>\n<meta name=\"twitter:card\" content=\"summary_large_image\" \/>\n<meta name=\"twitter:label1\" content=\"Est. reading time\" \/>\n\t<meta name=\"twitter:data1\" content=\"5 minutes\" \/>\n<script type=\"application\/ld+json\" class=\"yoast-schema-graph\">{\"@context\":\"https:\\\/\\\/schema.org\",\"@graph\":[{\"@type\":\"WebPage\",\"@id\":\"https:\\\/\\\/www.bruceclay.com\\\/eu\\\/seo-etica\\\/\",\"url\":\"https:\\\/\\\/www.bruceclay.com\\\/eu\\\/seo-etica\\\/\",\"name\":\"SEO Etica - Bruce Clay Europe\",\"isPartOf\":{\"@id\":\"https:\\\/\\\/www.bruceclay.com\\\/eu\\\/#website\"},\"datePublished\":\"2024-06-20T19:15:44+00:00\",\"dateModified\":\"2024-09-13T18:27:07+00:00\",\"breadcrumb\":{\"@id\":\"https:\\\/\\\/www.bruceclay.com\\\/eu\\\/seo-etica\\\/#breadcrumb\"},\"inLanguage\":\"en-US\",\"potentialAction\":[{\"@type\":\"ReadAction\",\"target\":[\"https:\\\/\\\/www.bruceclay.com\\\/eu\\\/seo-etica\\\/\"]}]},{\"@type\":\"BreadcrumbList\",\"@id\":\"https:\\\/\\\/www.bruceclay.com\\\/eu\\\/seo-etica\\\/#breadcrumb\",\"itemListElement\":[{\"@type\":\"ListItem\",\"position\":1,\"name\":\"Home\",\"item\":\"https:\\\/\\\/www.bruceclay.com\\\/eu\\\/\"},{\"@type\":\"ListItem\",\"position\":2,\"name\":\"SEO Etica\"}]},{\"@type\":\"WebSite\",\"@id\":\"https:\\\/\\\/www.bruceclay.com\\\/eu\\\/#website\",\"url\":\"https:\\\/\\\/www.bruceclay.com\\\/eu\\\/\",\"name\":\"Bruce Clay Europe\",\"description\":\"SEO and Internet Marketing Blog\",\"potentialAction\":[{\"@type\":\"SearchAction\",\"target\":{\"@type\":\"EntryPoint\",\"urlTemplate\":\"https:\\\/\\\/www.bruceclay.com\\\/eu\\\/?s={search_term_string}\"},\"query-input\":{\"@type\":\"PropertyValueSpecification\",\"valueRequired\":true,\"valueName\":\"search_term_string\"}}],\"inLanguage\":\"en-US\"}]}<\/script>","yoast_head_json":{"title":"SEO Etica - Bruce Clay Europe","robots":{"index":"index","follow":"follow","max-snippet":"max-snippet:-1","max-image-preview":"max-image-preview:large","max-video-preview":"max-video-preview:-1"},"canonical":"https:\/\/www.bruceclay.com\/eu\/seo-etica\/","og_locale":"en_US","og_type":"article","og_title":"SEO Etica - Bruce Clay Europe","og_description":"SEO Codice di Etica Cosa sono i servizi SEO etici? La SEO etica \u00e8 essenzialmente la pratica di seguire le migliori pratiche SEO e le seguenti linee guida del Codice Etico SEO per mantenere il tuo sito web sicuro e performante nei risultati dei motori di ricerca organici. I trasgressori hanno la tendenza a ricevere [&hellip;]","og_url":"https:\/\/www.bruceclay.com\/eu\/seo-etica\/","og_site_name":"Bruce Clay Europe","article_modified_time":"2024-09-13T18:27:07+00:00","twitter_card":"summary_large_image","twitter_misc":{"Est. reading time":"5 minutes"},"schema":{"@context":"https:\/\/schema.org","@graph":[{"@type":"WebPage","@id":"https:\/\/www.bruceclay.com\/eu\/seo-etica\/","url":"https:\/\/www.bruceclay.com\/eu\/seo-etica\/","name":"SEO Etica - Bruce Clay Europe","isPartOf":{"@id":"https:\/\/www.bruceclay.com\/eu\/#website"},"datePublished":"2024-06-20T19:15:44+00:00","dateModified":"2024-09-13T18:27:07+00:00","breadcrumb":{"@id":"https:\/\/www.bruceclay.com\/eu\/seo-etica\/#breadcrumb"},"inLanguage":"en-US","potentialAction":[{"@type":"ReadAction","target":["https:\/\/www.bruceclay.com\/eu\/seo-etica\/"]}]},{"@type":"BreadcrumbList","@id":"https:\/\/www.bruceclay.com\/eu\/seo-etica\/#breadcrumb","itemListElement":[{"@type":"ListItem","position":1,"name":"Home","item":"https:\/\/www.bruceclay.com\/eu\/"},{"@type":"ListItem","position":2,"name":"SEO Etica"}]},{"@type":"WebSite","@id":"https:\/\/www.bruceclay.com\/eu\/#website","url":"https:\/\/www.bruceclay.com\/eu\/","name":"Bruce Clay Europe","description":"SEO and Internet Marketing Blog","potentialAction":[{"@type":"SearchAction","target":{"@type":"EntryPoint","urlTemplate":"https:\/\/www.bruceclay.com\/eu\/?s={search_term_string}"},"query-input":{"@type":"PropertyValueSpecification","valueRequired":true,"valueName":"search_term_string"}}],"inLanguage":"en-US"}]}},"_links":{"self":[{"href":"https:\/\/www.bruceclay.com\/eu\/wp-json\/wp\/v2\/pages\/92424","targetHints":{"allow":["GET"]}}],"collection":[{"href":"https:\/\/www.bruceclay.com\/eu\/wp-json\/wp\/v2\/pages"}],"about":[{"href":"https:\/\/www.bruceclay.com\/eu\/wp-json\/wp\/v2\/types\/page"}],"author":[{"embeddable":true,"href":"https:\/\/www.bruceclay.com\/eu\/wp-json\/wp\/v2\/users\/101029"}],"replies":[{"embeddable":true,"href":"https:\/\/www.bruceclay.com\/eu\/wp-json\/wp\/v2\/comments?post=92424"}],"version-history":[{"count":4,"href":"https:\/\/www.bruceclay.com\/eu\/wp-json\/wp\/v2\/pages\/92424\/revisions"}],"predecessor-version":[{"id":93536,"href":"https:\/\/www.bruceclay.com\/eu\/wp-json\/wp\/v2\/pages\/92424\/revisions\/93536"}],"wp:attachment":[{"href":"https:\/\/www.bruceclay.com\/eu\/wp-json\/wp\/v2\/media?parent=92424"}],"wp:term":[{"taxonomy":"post_tag","embeddable":true,"href":"https:\/\/www.bruceclay.com\/eu\/wp-json\/wp\/v2\/tags?post=92424"}],"curies":[{"name":"wp","href":"https:\/\/api.w.org\/{rel}","templated":true}]}}