{"id":93428,"date":"2024-09-09T13:45:05","date_gmt":"2024-09-09T20:45:05","guid":{"rendered":"https:\/\/www.bruceclay.com\/eu\/?page_id=93428"},"modified":"2025-01-24T02:49:26","modified_gmt":"2025-01-24T10:49:26","slug":"pubblicita-sui-social-media","status":"publish","type":"page","link":"https:\/\/www.bruceclay.com\/eu\/it\/pubblicita-sui-social-media\/","title":{"rendered":"Social Media Marketing per la pubblicit\u00e0"},"content":{"rendered":"<div class=\"responsive-video\"><iframe loading=\"lazy\" src=\"https:\/\/www.youtube.com\/embed\/kdlaQ5vh2mU?rel=0&amp;showinfo=0\" width=\"560\" height=\"315\" frameborder=\"0\" allowfullscreen=\"allowfullscreen\"><\/iframe><\/div>\n<div>\n<p>I <strong>social media<\/strong> hanno rivoluzionato il mondo degli affari, portando a un&#8217;<strong>interazione diretta e bidirezionale tra aziende e pubblico<\/strong>. Il tradizionale marketing unidirezionale ha lasciato spazio a un dialogo aperto e comunit\u00e0 online su diverse piattaforme.<\/p>\n<p>Con l&#8217;emergere dei social media, il controllo del messaggio del marchio \u00e8 passato dalle aziende agli utenti. Tuttavia, la pubblicit\u00e0 offre ai marchi l&#8217;opportunit\u00e0 di riappropriarsi in parte di questo controllo in modo mirato, contribuendo cos\u00ec alla generazione di entrate. Il social media marketing (SMM) si basa sull&#8217;importanza di presentare l&#8217;annuncio giusto alla persona giusta nel momento opportuno.<\/p>\n<p>Questa strategia offre alle aziende l&#8217;opportunit\u00e0 di <strong>interagire con potenziali clienti<\/strong> e <strong>costruire relazioni durature con il proprio pubblico<\/strong> sulle piattaforme dove questi ultimi trascorrono il loro tempo, come Facebook, LinkedIn, Twitter, YouTube e altre.<\/p>\n<p>Gli annunci sui social media sono diventati uno strumento fondamentale per la maggior parte dei brand odierni. I prodotti, le informazioni e i servizi forniti da esperti di social media marketing possono aiutare le aziende a <strong>migliorare la loro presenza online<\/strong>, <strong>co<\/strong><strong>involgere il pubblico di riferimento<\/strong> e <strong>sviluppare una reputazione positiva<\/strong>.<\/p>\n<\/div>\n<h3>Il social media marketing per la promozione aziendale<\/h3>\n<div>\n<p>L&#8217;utilizzo dei social media da parte di un&#8217;azienda \u00e8 fondamentale per la gestione della propria<strong> reputazione online<\/strong>. La mancata interazione con i clienti su queste piattaforme pu\u00f2 compromettere il marchio dell&#8217;azienda in diversi modi: l&#8217;azienda pu\u00f2 dimenticare dalla memoria dei consumatori, perdere opportunit\u00e0 di attrarre nuovi clienti e subire un danno reputazionale, trascurando conversazioni cruciali che si svolgono online. Quali strategie dovrebbe adottare un&#8217;azienda per affrontare queste sfide?<\/p>\n<p>Collaborando con esperti qualificati in<strong> social media marketing<\/strong> (SMM), un&#8217;azienda pu\u00f2 ottimizzare la propria presenza sui social media. La pubblicit\u00e0 offre la flessibilit\u00e0 necessaria per adattarsi rapidamente alle <strong>mutevoli esigenze del mercato<\/strong> e fornisce <strong>feedback immediato<\/strong>, essenziale per migliorare continuamente i messaggi pubblicitari, ottimizzare le landing page e affinare le offerte di prodotto.<\/p>\n<p>Presso <strong>Bruce Clay Europe<\/strong>, analizziamo attentamente le esigenze del cliente e del pubblico di riferimento prima di consigliare le piattaforme di social media che garantiranno il miglior ritorno sull&#8217;investimento pubblicitario. \u00c8 fondamentale condurre una <strong>ricerca approfondita<\/strong> per identificare i canali in cui il pubblico target \u00e8 attivo online, creando cos\u00ec una <strong>strategia pubblicitaria<\/strong> mirata per raggiungerlo in spazi pertinenti. I servizi di SMM iniziano proprio con questa fase di ricerca, per individuare i social media in grado di generare il massimo ritorno sull&#8217;investimento.<\/p>\n<\/div>\n<h3><b>Lo sviluppo di una strategia pubblicitaria\u00a0<\/b><\/h3>\n<div>\n<p>Un&#8217;azienda di social media marketing deve <strong>personalizzare le proprie strategie pubblicitarie<\/strong> in base alle esigenze specifiche di ciascuna impresa. Prendiamo come esempio una catena regionale di panetterie. Ogni panetteria potrebbe trarre beneficio dall&#8217;ottimizzazione della propria presenza su <strong>Yelp<\/strong>, invitando i clienti a recensire le proprie torte e pasticcini sulla piattaforma di recensioni sociali. Inoltre, l&#8217;azienda potrebbe aumentare la propria visibilit\u00e0 su Instagram pubblicando video che mostrano le tecniche di decorazione delle torte, insieme ad altri potenziali collegamenti al marketing dei contenuti. Gli annunci sponsorizzati possono contribuire a diffondere il messaggio, promuovendo offerte specifiche o incentivi per <strong>stimolare gli acquisti<\/strong>.<\/p>\n<p>In questa strategia di SMM, Yelp viene utilizzato come piattaforma per costruire recensioni che rappresentino il marchio come un&#8217;azienda consolidata, con prodotti e servizi affidabili. Inoltre, Yelp offre il vantaggio di essere un indicatore affidabile per i risultati della ricerca locale su Google. Inoltre, Instagram pu\u00f2 essere utilizzato per offrire premi o promozioni, incentivando cos\u00ec gli utenti ad effettuare ordini. Infine, i social media favoriscono l&#8217;interazione, incoraggiando gli utenti a instaurare relazioni con il marchio e a condividere contenuti meritevoli all&#8217;interno delle proprie comunit\u00e0.<\/p>\n<\/div>\n<h3><b>Competenze indispensabili della pubblicit\u00e0 online<\/b><\/h3>\n<div>\n<p>Per creare annunci sui social media che siano profittevoli, \u00e8 fondamentale avere una <strong>profonda conoscenza<\/strong> delle caratteristiche specifiche di ciascuna piattaforma. Anche se \u00e8 possibile cliccare su &#8220;Promuovi post&#8221; su Facebook e perdere denaro, una <strong>strategia pubblicitaria efficace<\/strong> richiede pianificazione e competenza.<\/p>\n<p>Inoltre, poich\u00e9 gli utenti utilizzano ciascuna piattaforma in modo differente, le regole di coinvolgimento sono in gran parte determinate dagli stessi utenti. Di conseguenza, un annuncio creativo che risulta efficace su una piattaforma potrebbe non avere lo stesso successo su un&#8217;altra, e viceversa. Questo dimostra che <strong>le strategie non sono universali<\/strong> e che \u00e8 essenziale <strong>adattarle<\/strong> al contesto specifico di ciascuna piattaforma.<\/p>\n<p>Da <strong>Bruce Clay Europe<\/strong>, ci impegniamo a supportarti nella gestione delle aspettative e del valore della tua presenza su tutte le piattaforme, mentre valuti come allocare le risorse per la pubblicit\u00e0 sui social media. I nostri esperti strategici nel PPC sono pronti a supportarti nello sviluppo e nell&#8217;esecuzione di campagne sui social media che raggiungano nuovi pubblici e generino un ritorno sugli investimenti per la tua azienda.<\/p>\n<p><a href=\"https:\/\/www.bruceclay.com\/eu\/#footer-section\">Non esitare a contattarci<\/a> per un preventivo sui nostri servizi.<\/p>\n<\/div>\n","protected":false},"excerpt":{"rendered":"<p>I social media hanno rivoluzionato il mondo degli affari, portando a un&#8217;interazione diretta e bidirezionale tra aziende e pubblico. Il tradizionale marketing unidirezionale ha lasciato spazio a un dialogo aperto e comunit\u00e0 online su diverse piattaforme. Con l&#8217;emergere dei social media, il controllo del messaggio del marchio \u00e8 passato dalle aziende agli utenti. Tuttavia, la [&hellip;]<\/p>\n","protected":false},"author":101029,"featured_media":0,"parent":92326,"menu_order":0,"comment_status":"closed","ping_status":"closed","template":"","meta":{"_acf_changed":false,"content-type":"","footnotes":""},"tags":[],"class_list":["post-93428","page","type-page","status-publish","hentry"],"acf":[],"yoast_head":"<title>Social Media Marketing per la pubblicit\u00e0 - Bruce Clay Europe<\/title>\n<meta name=\"description\" content=\"Scopri come il social media marketing pu\u00f2 ampliare la tua visibilit\u00e0 online e far crescere il tuo business.\" \/>\n<meta name=\"robots\" content=\"index, follow, max-snippet:-1, max-image-preview:large, max-video-preview:-1\" \/>\n<link rel=\"canonical\" href=\"https:\/\/www.bruceclay.com\/eu\/it\/pubblicita-sui-social-media\/\" \/>\n<meta property=\"og:locale\" content=\"en_US\" \/>\n<meta property=\"og:type\" content=\"article\" \/>\n<meta property=\"og:title\" content=\"Social Media Marketing per la pubblicit\u00e0 - Bruce Clay Europe\" \/>\n<meta property=\"og:description\" content=\"Scopri come il social media marketing pu\u00f2 ampliare la tua visibilit\u00e0 online e far crescere il tuo business.\" \/>\n<meta property=\"og:url\" content=\"https:\/\/www.bruceclay.com\/eu\/it\/pubblicita-sui-social-media\/\" \/>\n<meta property=\"og:site_name\" content=\"Bruce Clay Europe\" \/>\n<meta property=\"article:modified_time\" content=\"2025-01-24T10:49:26+00:00\" \/>\n<meta name=\"twitter:card\" content=\"summary_large_image\" \/>\n<meta name=\"twitter:label1\" content=\"Est. reading time\" \/>\n\t<meta name=\"twitter:data1\" content=\"4 minutes\" \/>\n<script type=\"application\/ld+json\" class=\"yoast-schema-graph\">{\"@context\":\"https:\\\/\\\/schema.org\",\"@graph\":[{\"@type\":\"WebPage\",\"@id\":\"https:\\\/\\\/www.bruceclay.com\\\/eu\\\/it\\\/pubblicita-sui-social-media\\\/\",\"url\":\"https:\\\/\\\/www.bruceclay.com\\\/eu\\\/it\\\/pubblicita-sui-social-media\\\/\",\"name\":\"Social Media Marketing per la pubblicit\u00e0 - Bruce Clay Europe\",\"isPartOf\":{\"@id\":\"https:\\\/\\\/www.bruceclay.com\\\/eu\\\/#website\"},\"datePublished\":\"2024-09-09T20:45:05+00:00\",\"dateModified\":\"2025-01-24T10:49:26+00:00\",\"description\":\"Scopri come il social media marketing pu\u00f2 ampliare la tua visibilit\u00e0 online e far crescere il tuo business.\",\"breadcrumb\":{\"@id\":\"https:\\\/\\\/www.bruceclay.com\\\/eu\\\/it\\\/pubblicita-sui-social-media\\\/#breadcrumb\"},\"inLanguage\":\"en-US\",\"potentialAction\":[{\"@type\":\"ReadAction\",\"target\":[\"https:\\\/\\\/www.bruceclay.com\\\/eu\\\/it\\\/pubblicita-sui-social-media\\\/\"]}]},{\"@type\":\"BreadcrumbList\",\"@id\":\"https:\\\/\\\/www.bruceclay.com\\\/eu\\\/it\\\/pubblicita-sui-social-media\\\/#breadcrumb\",\"itemListElement\":[{\"@type\":\"ListItem\",\"position\":1,\"name\":\"Home\",\"item\":\"https:\\\/\\\/www.bruceclay.com\\\/eu\\\/\"},{\"@type\":\"ListItem\",\"position\":2,\"name\":\"IT\",\"item\":\"https:\\\/\\\/www.bruceclay.com\\\/eu\\\/it\\\/\"},{\"@type\":\"ListItem\",\"position\":3,\"name\":\"Social Media Marketing per la pubblicit\u00e0\"}]},{\"@type\":\"WebSite\",\"@id\":\"https:\\\/\\\/www.bruceclay.com\\\/eu\\\/#website\",\"url\":\"https:\\\/\\\/www.bruceclay.com\\\/eu\\\/\",\"name\":\"Bruce Clay Europe\",\"description\":\"SEO and Internet Marketing Blog\",\"potentialAction\":[{\"@type\":\"SearchAction\",\"target\":{\"@type\":\"EntryPoint\",\"urlTemplate\":\"https:\\\/\\\/www.bruceclay.com\\\/eu\\\/?s={search_term_string}\"},\"query-input\":{\"@type\":\"PropertyValueSpecification\",\"valueRequired\":true,\"valueName\":\"search_term_string\"}}],\"inLanguage\":\"en-US\"}]}<\/script>","yoast_head_json":{"title":"Social Media Marketing per la pubblicit\u00e0 - Bruce Clay Europe","description":"Scopri come il social media marketing pu\u00f2 ampliare la tua visibilit\u00e0 online e far crescere il tuo business.","robots":{"index":"index","follow":"follow","max-snippet":"max-snippet:-1","max-image-preview":"max-image-preview:large","max-video-preview":"max-video-preview:-1"},"canonical":"https:\/\/www.bruceclay.com\/eu\/it\/pubblicita-sui-social-media\/","og_locale":"en_US","og_type":"article","og_title":"Social Media Marketing per la pubblicit\u00e0 - Bruce Clay Europe","og_description":"Scopri come il social media marketing pu\u00f2 ampliare la tua visibilit\u00e0 online e far crescere il tuo business.","og_url":"https:\/\/www.bruceclay.com\/eu\/it\/pubblicita-sui-social-media\/","og_site_name":"Bruce Clay Europe","article_modified_time":"2025-01-24T10:49:26+00:00","twitter_card":"summary_large_image","twitter_misc":{"Est. reading time":"4 minutes"},"schema":{"@context":"https:\/\/schema.org","@graph":[{"@type":"WebPage","@id":"https:\/\/www.bruceclay.com\/eu\/it\/pubblicita-sui-social-media\/","url":"https:\/\/www.bruceclay.com\/eu\/it\/pubblicita-sui-social-media\/","name":"Social Media Marketing per la pubblicit\u00e0 - Bruce Clay Europe","isPartOf":{"@id":"https:\/\/www.bruceclay.com\/eu\/#website"},"datePublished":"2024-09-09T20:45:05+00:00","dateModified":"2025-01-24T10:49:26+00:00","description":"Scopri come il social media marketing pu\u00f2 ampliare la tua visibilit\u00e0 online e far crescere il tuo business.","breadcrumb":{"@id":"https:\/\/www.bruceclay.com\/eu\/it\/pubblicita-sui-social-media\/#breadcrumb"},"inLanguage":"en-US","potentialAction":[{"@type":"ReadAction","target":["https:\/\/www.bruceclay.com\/eu\/it\/pubblicita-sui-social-media\/"]}]},{"@type":"BreadcrumbList","@id":"https:\/\/www.bruceclay.com\/eu\/it\/pubblicita-sui-social-media\/#breadcrumb","itemListElement":[{"@type":"ListItem","position":1,"name":"Home","item":"https:\/\/www.bruceclay.com\/eu\/"},{"@type":"ListItem","position":2,"name":"IT","item":"https:\/\/www.bruceclay.com\/eu\/it\/"},{"@type":"ListItem","position":3,"name":"Social Media Marketing per la pubblicit\u00e0"}]},{"@type":"WebSite","@id":"https:\/\/www.bruceclay.com\/eu\/#website","url":"https:\/\/www.bruceclay.com\/eu\/","name":"Bruce Clay Europe","description":"SEO and Internet Marketing Blog","potentialAction":[{"@type":"SearchAction","target":{"@type":"EntryPoint","urlTemplate":"https:\/\/www.bruceclay.com\/eu\/?s={search_term_string}"},"query-input":{"@type":"PropertyValueSpecification","valueRequired":true,"valueName":"search_term_string"}}],"inLanguage":"en-US"}]}},"_links":{"self":[{"href":"https:\/\/www.bruceclay.com\/eu\/wp-json\/wp\/v2\/pages\/93428","targetHints":{"allow":["GET"]}}],"collection":[{"href":"https:\/\/www.bruceclay.com\/eu\/wp-json\/wp\/v2\/pages"}],"about":[{"href":"https:\/\/www.bruceclay.com\/eu\/wp-json\/wp\/v2\/types\/page"}],"author":[{"embeddable":true,"href":"https:\/\/www.bruceclay.com\/eu\/wp-json\/wp\/v2\/users\/101029"}],"replies":[{"embeddable":true,"href":"https:\/\/www.bruceclay.com\/eu\/wp-json\/wp\/v2\/comments?post=93428"}],"version-history":[{"count":8,"href":"https:\/\/www.bruceclay.com\/eu\/wp-json\/wp\/v2\/pages\/93428\/revisions"}],"predecessor-version":[{"id":95932,"href":"https:\/\/www.bruceclay.com\/eu\/wp-json\/wp\/v2\/pages\/93428\/revisions\/95932"}],"up":[{"embeddable":true,"href":"https:\/\/www.bruceclay.com\/eu\/wp-json\/wp\/v2\/pages\/92326"}],"wp:attachment":[{"href":"https:\/\/www.bruceclay.com\/eu\/wp-json\/wp\/v2\/media?parent=93428"}],"wp:term":[{"taxonomy":"post_tag","embeddable":true,"href":"https:\/\/www.bruceclay.com\/eu\/wp-json\/wp\/v2\/tags?post=93428"}],"curies":[{"name":"wp","href":"https:\/\/api.w.org\/{rel}","templated":true}]}}