{"id":96730,"date":"2025-03-03T09:10:56","date_gmt":"2025-03-03T17:10:56","guid":{"rendered":"https:\/\/www.bruceclay.com\/eu\/?page_id=96730"},"modified":"2025-10-15T11:11:06","modified_gmt":"2025-10-15T18:11:06","slug":"tiziana-lattaruli","status":"publish","type":"page","link":"https:\/\/www.bruceclay.com\/eu\/it\/tiziana-lattaruli\/","title":{"rendered":"Tiziana Lattaruli"},"content":{"rendered":"<figure id=\"attachment_95538\" aria-describedby=\"caption-attachment-95538\" style=\"width: 300px\" class=\"wp-caption alignnone\"><a href=\"https:\/\/www.bruceclay.com\/eu\/wp-content\/uploads\/sites\/7\/2024\/12\/Tiziana-Lattaruli-1-1-1-scaled.jpg\"><img loading=\"lazy\" decoding=\"async\" class=\"wp-image-95538 size-medium\" src=\"https:\/\/www.bruceclay.com\/eu\/wp-content\/uploads\/sites\/7\/2024\/12\/Tiziana-Lattaruli-1-1-1-300x300.jpg\" alt=\"Tiziana Lattaruli\" width=\"300\" height=\"300\" srcset=\"https:\/\/www.bruceclay.com\/eu\/wp-content\/uploads\/sites\/7\/2024\/12\/Tiziana-Lattaruli-1-1-1-300x300.jpg 300w, https:\/\/www.bruceclay.com\/eu\/wp-content\/uploads\/sites\/7\/2024\/12\/Tiziana-Lattaruli-1-1-1-1024x1024.jpg 1024w, https:\/\/www.bruceclay.com\/eu\/wp-content\/uploads\/sites\/7\/2024\/12\/Tiziana-Lattaruli-1-1-1-150x150.jpg 150w, https:\/\/www.bruceclay.com\/eu\/wp-content\/uploads\/sites\/7\/2024\/12\/Tiziana-Lattaruli-1-1-1-768x768.jpg 768w, https:\/\/www.bruceclay.com\/eu\/wp-content\/uploads\/sites\/7\/2024\/12\/Tiziana-Lattaruli-1-1-1-1536x1536.jpg 1536w, https:\/\/www.bruceclay.com\/eu\/wp-content\/uploads\/sites\/7\/2024\/12\/Tiziana-Lattaruli-1-1-1-2048x2048.jpg 2048w\" sizes=\"auto, (max-width: 300px) 100vw, 300px\" \/><\/a><figcaption id=\"caption-attachment-95538\" class=\"wp-caption-text\">Tiziana Lattaruli<\/figcaption><\/figure>\n<p>Tiziana Lattaruli, <strong>Co-Founder e Direttore Marketing di Bruce Clay Europe<\/strong>, \u00e8 esperta in <strong>Marketing internazionale<\/strong> ed ha ricoperto ruoli di crescente responsabilit\u00e0 in Media company globali come Lycos e Yahoo e in Aziende di svariati settori.<\/p>\n<p>Nel 2023 \u00e8 entrata nella classifica delle <strong>50 donne pi\u00f9 influenti nel Digital Marketing in Europa<\/strong>.<\/p>\n<p>Laureata in Scienze della Comunicazione, con specializzazione in Relazioni Interne &#8211; Esterne, si interessa al Digitale gi\u00e0 nei suoi studi, pubblicando una tesi di ricerca sul fenomeno della Convergenza Media Digitale.<\/p>\n<p>Avvia la sua carriera nel digitale nel 1999 col gruppo <strong>Bertelsmann<\/strong>,\u00a0 supportando il team che ha lanciato il portale Lycos e i primi Motori di Ricerca come HotBot e poi prosegue in <strong>Yahoo<\/strong> dove si occupa di Digital Media a 360\u00b0, dalla Search a progetti speciali su Yahoo Answers, fino allo sviluppo di formati adv innovativi, Branded Contents e produzioni di serie Video originali.<\/p>\n<p>Durante la sua carriera in Yahoo si occupa anche di integrazioni e eCommerce con focus nel settore Travel, lavorando anche per il comparatore <strong>Kelkoo<\/strong>, una property del gruppo Yahoo fino al 2008.<\/p>\n<p>Si specializza in Search Marketing e Web Analytics e, in parallelo alle sue esperienze in Azienda, nel 2018 diventa <strong>docente della IED Master School<\/strong> di Milano, dove tuttora tiene dei corsi avanzati.<\/p>\n<p>Lavora con Bruce Clay dal 2018 ed \u00e8 <strong>docente SEO certificata<\/strong> con le tecniche del padre della SEO, diventando poi socia della divisione Europea dell&#8217;Agenzia Bruce Clay, insieme ad Enrica Fantoni.<\/p>\n<p>&nbsp;<\/p>\n<p>Segui Tiziana Lattaruli su <a href=\"https:\/\/www.bruceclay.com\/eu\/wp-content\/uploads\/sites\/7\/2024\/12\/Enrica-Fantoni-1-1.jpg\" target=\"_blank\" rel=\"noopener\">Linkedin<\/a><\/p>\n","protected":false},"excerpt":{"rendered":"<p>Tiziana Lattaruli, Co-Founder e Direttore Marketing di Bruce Clay Europe, \u00e8 esperta in Marketing internazionale ed ha ricoperto ruoli di crescente responsabilit\u00e0 in Media company globali come Lycos e Yahoo e in Aziende di svariati settori. Nel 2023 \u00e8 entrata nella classifica delle 50 donne pi\u00f9 influenti nel Digital Marketing in Europa. Laureata in Scienze [&hellip;]<\/p>\n","protected":false},"author":101039,"featured_media":0,"parent":92326,"menu_order":0,"comment_status":"closed","ping_status":"closed","template":"","meta":{"_acf_changed":false,"content-type":"","footnotes":""},"tags":[],"class_list":["post-96730","page","type-page","status-publish","hentry"],"acf":[],"yoast_head":"<title>Tiziana Lattaruli - Direttore Marketing Bruce Clay Europe<\/title>\n<meta name=\"description\" content=\"Tiziana Lattaruli \u00e8 Co-Founder e Direttore Marketing di Bruce Clay Europe. Tra le top 50 donne pi\u00f9 influenti nel Digital Marketing in Europa.\" \/>\n<meta name=\"robots\" content=\"index, follow, max-snippet:-1, max-image-preview:large, max-video-preview:-1\" \/>\n<link rel=\"canonical\" href=\"https:\/\/www.bruceclay.com\/eu\/it\/tiziana-lattaruli\/\" \/>\n<meta property=\"og:locale\" content=\"en_US\" \/>\n<meta property=\"og:type\" content=\"article\" \/>\n<meta property=\"og:title\" content=\"Tiziana Lattaruli - Direttore Marketing Bruce Clay Europe\" \/>\n<meta property=\"og:description\" content=\"Tiziana Lattaruli \u00e8 Co-Founder e Direttore Marketing di Bruce Clay Europe. Tra le top 50 donne pi\u00f9 influenti nel Digital Marketing in Europa.\" \/>\n<meta property=\"og:url\" content=\"https:\/\/www.bruceclay.com\/eu\/it\/tiziana-lattaruli\/\" \/>\n<meta property=\"og:site_name\" content=\"Bruce Clay Europe\" \/>\n<meta property=\"article:modified_time\" content=\"2025-10-15T18:11:06+00:00\" \/>\n<meta property=\"og:image\" content=\"https:\/\/www.bruceclay.com\/eu\/wp-content\/uploads\/sites\/7\/2024\/12\/Tiziana-Lattaruli-1-1-1-scaled.jpg\" \/>\n\t<meta property=\"og:image:width\" content=\"2560\" \/>\n\t<meta property=\"og:image:height\" content=\"2560\" \/>\n\t<meta property=\"og:image:type\" content=\"image\/jpeg\" \/>\n<meta name=\"twitter:card\" content=\"summary_large_image\" \/>\n<meta name=\"twitter:label1\" content=\"Est. reading time\" \/>\n\t<meta name=\"twitter:data1\" content=\"2 minutes\" \/>\n<script type=\"application\/ld+json\" class=\"yoast-schema-graph\">{\"@context\":\"https:\\\/\\\/schema.org\",\"@graph\":[{\"@type\":\"WebPage\",\"@id\":\"https:\\\/\\\/www.bruceclay.com\\\/eu\\\/it\\\/tiziana-lattaruli\\\/\",\"url\":\"https:\\\/\\\/www.bruceclay.com\\\/eu\\\/it\\\/tiziana-lattaruli\\\/\",\"name\":\"Tiziana Lattaruli - Direttore Marketing Bruce Clay Europe\",\"isPartOf\":{\"@id\":\"https:\\\/\\\/www.bruceclay.com\\\/eu\\\/#website\"},\"primaryImageOfPage\":{\"@id\":\"https:\\\/\\\/www.bruceclay.com\\\/eu\\\/it\\\/tiziana-lattaruli\\\/#primaryimage\"},\"image\":{\"@id\":\"https:\\\/\\\/www.bruceclay.com\\\/eu\\\/it\\\/tiziana-lattaruli\\\/#primaryimage\"},\"thumbnailUrl\":\"https:\\\/\\\/www.bruceclay.com\\\/eu\\\/wp-content\\\/uploads\\\/sites\\\/7\\\/2024\\\/12\\\/Tiziana-Lattaruli-1-1-1-300x300.jpg\",\"datePublished\":\"2025-03-03T17:10:56+00:00\",\"dateModified\":\"2025-10-15T18:11:06+00:00\",\"description\":\"Tiziana Lattaruli \u00e8 Co-Founder e Direttore Marketing di Bruce Clay Europe. Tra le top 50 donne pi\u00f9 influenti nel Digital Marketing in Europa.\",\"breadcrumb\":{\"@id\":\"https:\\\/\\\/www.bruceclay.com\\\/eu\\\/it\\\/tiziana-lattaruli\\\/#breadcrumb\"},\"inLanguage\":\"en-US\",\"potentialAction\":[{\"@type\":\"ReadAction\",\"target\":[\"https:\\\/\\\/www.bruceclay.com\\\/eu\\\/it\\\/tiziana-lattaruli\\\/\"]}]},{\"@type\":\"ImageObject\",\"inLanguage\":\"en-US\",\"@id\":\"https:\\\/\\\/www.bruceclay.com\\\/eu\\\/it\\\/tiziana-lattaruli\\\/#primaryimage\",\"url\":\"https:\\\/\\\/www.bruceclay.com\\\/eu\\\/wp-content\\\/uploads\\\/sites\\\/7\\\/2024\\\/12\\\/Tiziana-Lattaruli-1-1-1-scaled.jpg\",\"contentUrl\":\"https:\\\/\\\/www.bruceclay.com\\\/eu\\\/wp-content\\\/uploads\\\/sites\\\/7\\\/2024\\\/12\\\/Tiziana-Lattaruli-1-1-1-scaled.jpg\",\"width\":2560,\"height\":2560,\"caption\":\"Tiziana Lattaruli\"},{\"@type\":\"BreadcrumbList\",\"@id\":\"https:\\\/\\\/www.bruceclay.com\\\/eu\\\/it\\\/tiziana-lattaruli\\\/#breadcrumb\",\"itemListElement\":[{\"@type\":\"ListItem\",\"position\":1,\"name\":\"Home\",\"item\":\"https:\\\/\\\/www.bruceclay.com\\\/eu\\\/\"},{\"@type\":\"ListItem\",\"position\":2,\"name\":\"IT\",\"item\":\"https:\\\/\\\/www.bruceclay.com\\\/eu\\\/it\\\/\"},{\"@type\":\"ListItem\",\"position\":3,\"name\":\"Tiziana Lattaruli\"}]},{\"@type\":\"WebSite\",\"@id\":\"https:\\\/\\\/www.bruceclay.com\\\/eu\\\/#website\",\"url\":\"https:\\\/\\\/www.bruceclay.com\\\/eu\\\/\",\"name\":\"Bruce Clay Europe\",\"description\":\"SEO and Internet Marketing Blog\",\"potentialAction\":[{\"@type\":\"SearchAction\",\"target\":{\"@type\":\"EntryPoint\",\"urlTemplate\":\"https:\\\/\\\/www.bruceclay.com\\\/eu\\\/?s={search_term_string}\"},\"query-input\":{\"@type\":\"PropertyValueSpecification\",\"valueRequired\":true,\"valueName\":\"search_term_string\"}}],\"inLanguage\":\"en-US\"}]}<\/script>","yoast_head_json":{"title":"Tiziana Lattaruli - Direttore Marketing Bruce Clay Europe","description":"Tiziana Lattaruli \u00e8 Co-Founder e Direttore Marketing di Bruce Clay Europe. Tra le top 50 donne pi\u00f9 influenti nel Digital Marketing in Europa.","robots":{"index":"index","follow":"follow","max-snippet":"max-snippet:-1","max-image-preview":"max-image-preview:large","max-video-preview":"max-video-preview:-1"},"canonical":"https:\/\/www.bruceclay.com\/eu\/it\/tiziana-lattaruli\/","og_locale":"en_US","og_type":"article","og_title":"Tiziana Lattaruli - Direttore Marketing Bruce Clay Europe","og_description":"Tiziana Lattaruli \u00e8 Co-Founder e Direttore Marketing di Bruce Clay Europe. Tra le top 50 donne pi\u00f9 influenti nel Digital Marketing in Europa.","og_url":"https:\/\/www.bruceclay.com\/eu\/it\/tiziana-lattaruli\/","og_site_name":"Bruce Clay Europe","article_modified_time":"2025-10-15T18:11:06+00:00","og_image":[{"width":2560,"height":2560,"url":"https:\/\/www.bruceclay.com\/eu\/wp-content\/uploads\/sites\/7\/2024\/12\/Tiziana-Lattaruli-1-1-1-scaled.jpg","type":"image\/jpeg"}],"twitter_card":"summary_large_image","twitter_misc":{"Est. reading time":"2 minutes"},"schema":{"@context":"https:\/\/schema.org","@graph":[{"@type":"WebPage","@id":"https:\/\/www.bruceclay.com\/eu\/it\/tiziana-lattaruli\/","url":"https:\/\/www.bruceclay.com\/eu\/it\/tiziana-lattaruli\/","name":"Tiziana Lattaruli - Direttore Marketing Bruce Clay Europe","isPartOf":{"@id":"https:\/\/www.bruceclay.com\/eu\/#website"},"primaryImageOfPage":{"@id":"https:\/\/www.bruceclay.com\/eu\/it\/tiziana-lattaruli\/#primaryimage"},"image":{"@id":"https:\/\/www.bruceclay.com\/eu\/it\/tiziana-lattaruli\/#primaryimage"},"thumbnailUrl":"https:\/\/www.bruceclay.com\/eu\/wp-content\/uploads\/sites\/7\/2024\/12\/Tiziana-Lattaruli-1-1-1-300x300.jpg","datePublished":"2025-03-03T17:10:56+00:00","dateModified":"2025-10-15T18:11:06+00:00","description":"Tiziana Lattaruli \u00e8 Co-Founder e Direttore Marketing di Bruce Clay Europe. Tra le top 50 donne pi\u00f9 influenti nel Digital Marketing in Europa.","breadcrumb":{"@id":"https:\/\/www.bruceclay.com\/eu\/it\/tiziana-lattaruli\/#breadcrumb"},"inLanguage":"en-US","potentialAction":[{"@type":"ReadAction","target":["https:\/\/www.bruceclay.com\/eu\/it\/tiziana-lattaruli\/"]}]},{"@type":"ImageObject","inLanguage":"en-US","@id":"https:\/\/www.bruceclay.com\/eu\/it\/tiziana-lattaruli\/#primaryimage","url":"https:\/\/www.bruceclay.com\/eu\/wp-content\/uploads\/sites\/7\/2024\/12\/Tiziana-Lattaruli-1-1-1-scaled.jpg","contentUrl":"https:\/\/www.bruceclay.com\/eu\/wp-content\/uploads\/sites\/7\/2024\/12\/Tiziana-Lattaruli-1-1-1-scaled.jpg","width":2560,"height":2560,"caption":"Tiziana Lattaruli"},{"@type":"BreadcrumbList","@id":"https:\/\/www.bruceclay.com\/eu\/it\/tiziana-lattaruli\/#breadcrumb","itemListElement":[{"@type":"ListItem","position":1,"name":"Home","item":"https:\/\/www.bruceclay.com\/eu\/"},{"@type":"ListItem","position":2,"name":"IT","item":"https:\/\/www.bruceclay.com\/eu\/it\/"},{"@type":"ListItem","position":3,"name":"Tiziana Lattaruli"}]},{"@type":"WebSite","@id":"https:\/\/www.bruceclay.com\/eu\/#website","url":"https:\/\/www.bruceclay.com\/eu\/","name":"Bruce Clay Europe","description":"SEO and Internet Marketing Blog","potentialAction":[{"@type":"SearchAction","target":{"@type":"EntryPoint","urlTemplate":"https:\/\/www.bruceclay.com\/eu\/?s={search_term_string}"},"query-input":{"@type":"PropertyValueSpecification","valueRequired":true,"valueName":"search_term_string"}}],"inLanguage":"en-US"}]}},"_links":{"self":[{"href":"https:\/\/www.bruceclay.com\/eu\/wp-json\/wp\/v2\/pages\/96730","targetHints":{"allow":["GET"]}}],"collection":[{"href":"https:\/\/www.bruceclay.com\/eu\/wp-json\/wp\/v2\/pages"}],"about":[{"href":"https:\/\/www.bruceclay.com\/eu\/wp-json\/wp\/v2\/types\/page"}],"author":[{"embeddable":true,"href":"https:\/\/www.bruceclay.com\/eu\/wp-json\/wp\/v2\/users\/101039"}],"replies":[{"embeddable":true,"href":"https:\/\/www.bruceclay.com\/eu\/wp-json\/wp\/v2\/comments?post=96730"}],"version-history":[{"count":3,"href":"https:\/\/www.bruceclay.com\/eu\/wp-json\/wp\/v2\/pages\/96730\/revisions"}],"predecessor-version":[{"id":96740,"href":"https:\/\/www.bruceclay.com\/eu\/wp-json\/wp\/v2\/pages\/96730\/revisions\/96740"}],"up":[{"embeddable":true,"href":"https:\/\/www.bruceclay.com\/eu\/wp-json\/wp\/v2\/pages\/92326"}],"wp:attachment":[{"href":"https:\/\/www.bruceclay.com\/eu\/wp-json\/wp\/v2\/media?parent=96730"}],"wp:term":[{"taxonomy":"post_tag","embeddable":true,"href":"https:\/\/www.bruceclay.com\/eu\/wp-json\/wp\/v2\/tags?post=96730"}],"curies":[{"name":"wp","href":"https:\/\/api.w.org\/{rel}","templated":true}]}}